{"id":73,"date":"2019-01-12T20:23:17","date_gmt":"2019-01-12T19:23:17","guid":{"rendered":"http:\/\/cms.sportanglerverein-schiefbahn.de\/?page_id=73"},"modified":"2020-10-15T16:28:04","modified_gmt":"2020-10-15T15:28:04","slug":"mitgliedschaft","status":"publish","type":"page","link":"https:\/\/www.sportanglerverein-schiefbahn.de\/?page_id=73","title":{"rendered":"Mitgliedschaft"},"content":{"rendered":"<p><strong><span style=\"font-size: large;\">Mitgliedschaft &#8211; Beitr\u00e4ge<br \/>\n<\/span><\/strong><\/p>\n<p>Der Verein nimmt noch Mitglieder auf.<\/p>\n<p>Voraussetzungen f\u00fcr eine aktive Mitgliedschaft sind:<\/p>\n<ul>\n<li>Nachweis der Fischereipr\u00fcfung<\/li>\n<li>Jahresfischereischein\/Jugendfischereischein<\/li>\n<li>Anerkennung der Satzung und Vereinsordnungen<\/li>\n<\/ul>\n<table border=\"1\" width=\"400\" cellspacing=\"2\" cellpadding=\"0\">\n<caption>\n<div align=\"center\">\n<p><b>Aufnahmegeb\u00fchr:<\/b><\/p>\n<\/div>\n<\/caption>\n<tbody>\n<tr>\n<td width=\"360\">f\u00fcr vollj\u00e4hrige aktive Mitgliedschaft<\/td>\n<td width=\"40\">\n<div align=\"right\">150 \u20ac<\/div>\n<\/td>\n<\/tr>\n<tr>\n<td width=\"360\"><\/td>\n<td width=\"40\"><\/td>\n<\/tr>\n<\/tbody>\n<\/table>\n<table border=\"1\" width=\"400\" cellspacing=\"2\" cellpadding=\"0\">\n<caption>\n<div align=\"center\">\n<p><b>Mitgliedsbeitr\u00e4ge: <\/b><\/p>\n<\/div>\n<\/caption>\n<tbody>\n<tr>\n<td width=\"360\">bei vollj\u00e4hriger aktiver Mitgliedschaft<\/td>\n<td width=\"40\">\n<div align=\"right\">96\u00a0\u20ac<\/div>\n<\/td>\n<\/tr>\n<tr>\n<td width=\"360\">bei vollj\u00e4hriger aktiver Mitgliedschaft eines Familienmitglieds<\/td>\n<td width=\"40\">\n<div align=\"right\">48 \u20ac<\/div>\n<\/td>\n<\/tr>\n<tr>\n<td width=\"360\">bei Studenten und Auszubildenden (Nachweis erforderlich)<\/td>\n<td width=\"40\">\n<div align=\"right\">48 \u20ac<\/div>\n<\/td>\n<\/tr>\n<tr>\n<td width=\"360\">bei Jugendlichen bis zur Vollendung des 18. Lebensjahres<\/td>\n<td width=\"40\">\n<div align=\"right\">36 \u20ac<\/div>\n<\/td>\n<\/tr>\n<tr>\n<td width=\"360\">bei passiven\/f\u00f6rdernden Mitgliedern<\/td>\n<td width=\"40\">\n<div align=\"right\">24 \u20ac<\/div>\n<\/td>\n<\/tr>\n<tr>\n<td width=\"360\">Bei Teilnehmern am Bundesfreiwilligen-Dienst oder Freiwilligendienst der Bundeswehr wird kein Beitrag erhoben (Nachweis erforderlich)!<\/td>\n<td width=\"40\">\n<div align=\"right\">0 \u20ac<\/div>\n<\/td>\n<\/tr>\n<\/tbody>\n<\/table>\n<table border=\"1\" width=\"400\" cellspacing=\"2\" cellpadding=\"0\" align=\"left\">\n<caption>\n<div align=\"center\">\n<p><b>Arbeitsdienst:<\/b><\/p>\n<\/div>\n<\/caption>\n<tbody>\n<tr>\n<td width=\"400\">Aktive vollj\u00e4hrige Mitglieder haben j\u00e4hrlich 8 Pflichtarbeitsstunden zur Hege und Pflege des Pachtgew\u00e4ssers zu leisten.<br \/>\nF\u00fcr jede nicht geleistete Arbeitsstunde ist ein Ausgleichsbetrag von 25 \u20ac zu zahlen.<\/td>\n<\/tr>\n<\/tbody>\n<\/table>\n","protected":false},"excerpt":{"rendered":"<p>Mitgliedschaft &#8211; Beitr\u00e4ge Der Verein nimmt noch Mitglieder auf. Voraussetzungen f\u00fcr eine aktive Mitgliedschaft sind: Nachweis der Fischereipr\u00fcfung Jahresfischereischein\/Jugendfischereischein Anerkennung der Satzung und Vereinsordnungen Aufnahmegeb\u00fchr: f\u00fcr vollj\u00e4hrige aktive Mitgliedschaft 150 \u20ac Mitgliedsbeitr\u00e4ge: bei vollj\u00e4hriger aktiver Mitgliedschaft 96\u00a0\u20ac bei vollj\u00e4hriger aktiver Mitgliedschaft eines Familienmitglieds 48 \u20ac bei Studenten und Auszubildenden (Nachweis erforderlich) 48 \u20ac bei Jugendlichen &hellip; <\/p>\n<p><a class=\"more-link btn\" href=\"https:\/\/www.sportanglerverein-schiefbahn.de\/?page_id=73\">Weiterlesen<\/a><\/p>\n","protected":false},"author":2,"featured_media":0,"parent":0,"menu_order":0,"comment_status":"closed","ping_status":"closed","template":"","meta":{"footnotes":""},"class_list":["post-73","page","type-page","status-publish","hentry","nodate","item-wrap"],"_links":{"self":[{"href":"https:\/\/www.sportanglerverein-schiefbahn.de\/index.php?rest_route=\/wp\/v2\/pages\/73","targetHints":{"allow":["GET"]}}],"collection":[{"href":"https:\/\/www.sportanglerverein-schiefbahn.de\/index.php?rest_route=\/wp\/v2\/pages"}],"about":[{"href":"https:\/\/www.sportanglerverein-schiefbahn.de\/index.php?rest_route=\/wp\/v2\/types\/page"}],"author":[{"embeddable":true,"href":"https:\/\/www.sportanglerverein-schiefbahn.de\/index.php?rest_route=\/wp\/v2\/users\/2"}],"replies":[{"embeddable":true,"href":"https:\/\/www.sportanglerverein-schiefbahn.de\/index.php?rest_route=%2Fwp%2Fv2%2Fcomments&post=73"}],"version-history":[{"count":5,"href":"https:\/\/www.sportanglerverein-schiefbahn.de\/index.php?rest_route=\/wp\/v2\/pages\/73\/revisions"}],"predecessor-version":[{"id":669,"href":"https:\/\/www.sportanglerverein-schiefbahn.de\/index.php?rest_route=\/wp\/v2\/pages\/73\/revisions\/669"}],"wp:attachment":[{"href":"https:\/\/www.sportanglerverein-schiefbahn.de\/index.php?rest_route=%2Fwp%2Fv2%2Fmedia&parent=73"}],"curies":[{"name":"wp","href":"https:\/\/api.w.org\/{rel}","templated":true}]}}